{"id":987512399,"date":"2023-10-04T14:36:29","date_gmt":"2023-10-04T12:36:29","guid":{"rendered":"https:\/\/smyline.com\/terms-of-use\/"},"modified":"2024-02-27T10:11:20","modified_gmt":"2024-02-27T09:11:20","slug":"terms-of-use","status":"publish","type":"page","link":"https:\/\/smyline.com\/en\/terms-of-use\/","title":{"rendered":"Terms of use"},"content":{"rendered":"<p>[et_pb_section fb_built=&#8221;1&#8243; _builder_version=&#8221;4.16&#8243; _module_preset=&#8221;default&#8221; global_colors_info=&#8221;{}&#8221;][et_pb_row _builder_version=&#8221;4.16&#8243; _module_preset=&#8221;default&#8221; global_colors_info=&#8221;{}&#8221;][et_pb_column type=&#8221;4_4&#8243; _builder_version=&#8221;4.16&#8243; _module_preset=&#8221;default&#8221; global_colors_info=&#8221;{}&#8221;][et_pb_text _builder_version=&#8221;4.22.2&#8243; _module_preset=&#8221;default&#8221; link_text_color=&#8221;#000000&#8243; hover_enabled=&#8221;0&#8243; global_colors_info=&#8221;{}&#8221; sticky_enabled=&#8221;0&#8243;]<\/p>\n<h1>Terms of use<\/h1>\n<h2>Identity<\/h2>\n<p>Website name: Smyline<br \/>Adsress : 11 rue Andr\u00e9 Citro\u00ebn, 69740 GENAS, FRANCE<br \/>Owner: N\u00e9somile<br \/>Publication manager: Smyline<br \/>Design and production: Fabien SEO<br \/>Web Hosting : O2Switch<\/p>\n<h2>Company<\/h2>\n<p>NEOSMILE<br \/>11 rue Andr\u00e9 Citro\u00ebn<br \/>69740 GENAS France<br \/>Simplified joint stock company<\/p>\n<h2>Terms of use<\/h2>\n<p>Use of this site implies full acceptance of the general conditions of use described below. These conditions of use may be amended or supplemented at any time.<\/p>\n<h2>Information<\/h2>\n<p>The information and documents on this site are presented for information purposes only, are not exhaustive, and do not engage the responsibility of the site owner.<\/p>\n<p>The site owner cannot be held responsible for direct or indirect damage resulting from access to the site.<\/p>\n<h2>Interactivity<\/h2>\n<p>Site users can post content, which appears on the site in dedicated spaces (notably via comments). All content is the responsibility of the authors, who assume full legal liability.<\/p>\n<p>The site owner nevertheless reserves the right to withdraw without notice or justification any content posted by users that does not comply with the site&#8217;s code of ethics or with current legislation.<\/p>\n<h2>Intellectual property<\/h2>\n<p>Unless otherwise stated, all elements accessible on the site (texts, images, graphics, logos, icons, sounds, software, etc.) remain the exclusive property of their authors, with regard to intellectual property rights or rights of use.<\/p>\n<p>Any reproduction, representation, modification, publication, adaptation of all or part of the elements of the site, whatever the means or the process used, is prohibited, except prior written authorization of the author.<\/p>\n<p>Any unauthorized use of the site or of any of the elements it contains is considered to constitute an infringement and will be prosecuted.<\/p>\n<p>Trademarks and logos reproduced on the site are registered by the companies that own them.<\/p>\n<h2>Links<\/h2>\n<h3>Outgoing links<\/h3>\n<p>The owner of the site declines all responsibility and is not committed by the referencing via hypertext links, of third-party resources present on the Internet network, as regards both their content and their relevance.<\/p>\n<h3>Inbound links<\/h3>\n<p>The site owner authorizes hypertext links to any page of this site, provided that these open a new window and are presented in an unambiguous manner in order to avoid :<br \/>Any risk of confusion between the quoting site and the site owner<br \/>As well as any tendentious presentation, or contrary to the laws in force.<br \/>The owner of the site reserves the right to request the removal of a link if he considers that the source site does not comply with the rules thus defined..<\/p>\n<h2>Privacy<\/h2>\n<p>All users have the right to access, rectify and oppose any personal data concerning them, by making a written and signed request, accompanied by proof of identity.<\/p>\n<p>Rendez-vous sur la page <a href=\"https:\/\/smyline.com\/en\/privacy-policy\/\">politique de confidentialit\u00e9<\/a> pour en savoir plus.<\/p>\n<p>[\/et_pb_text][\/et_pb_column][\/et_pb_row][\/et_pb_section]<\/p>\n","protected":false},"excerpt":{"rendered":"<p>Terms of use Identity Website name: SmylineAdsress : 11 rue Andr\u00e9 Citro\u00ebn, 69740 GENAS, FRANCEOwner: N\u00e9somilePublication manager: SmylineDesign and production: Fabien SEOWeb Hosting : O2Switch Company NEOSMILE11 rue Andr\u00e9 Citro\u00ebn69740 GENAS FranceSimplified joint stock company Terms of use Use of this site implies full acceptance of the general conditions of use described below. These conditions [&hellip;]<\/p>\n","protected":false},"author":1,"featured_media":0,"parent":0,"menu_order":0,"comment_status":"closed","ping_status":"closed","template":"","meta":{"_et_pb_use_builder":"on","_et_pb_old_content":"","_et_gb_content_width":"","inline_featured_image":false,"footnotes":""},"class_list":["post-987512399","page","type-page","status-publish","hentry"],"yoast_head":"<!-- This site is optimized with the Yoast SEO plugin v25.7 - https:\/\/yoast.com\/wordpress\/plugins\/seo\/ -->\n<title>Terms of use - Smyline<\/title>\n<meta name=\"robots\" content=\"index, follow, max-snippet:-1, max-image-preview:large, max-video-preview:-1\" \/>\n<link rel=\"canonical\" href=\"https:\/\/smyline.com\/en\/terms-of-use\/\" \/>\n<meta property=\"og:locale\" content=\"en_US\" \/>\n<meta property=\"og:type\" content=\"article\" \/>\n<meta property=\"og:title\" content=\"Terms of use - Smyline\" \/>\n<meta property=\"og:description\" content=\"Terms of use Identity Website name: SmylineAdsress : 11 rue Andr\u00e9 Citro\u00ebn, 69740 GENAS, FRANCEOwner: N\u00e9somilePublication manager: SmylineDesign and production: Fabien SEOWeb Hosting : O2Switch Company NEOSMILE11 rue Andr\u00e9 Citro\u00ebn69740 GENAS FranceSimplified joint stock company Terms of use Use of this site implies full acceptance of the general conditions of use described below. These conditions [&hellip;]\" \/>\n<meta property=\"og:url\" content=\"https:\/\/smyline.com\/en\/terms-of-use\/\" \/>\n<meta property=\"og:site_name\" content=\"Smyline\" \/>\n<meta property=\"article:modified_time\" content=\"2024-02-27T09:11:20+00:00\" \/>\n<meta name=\"twitter:card\" content=\"summary_large_image\" \/>\n<meta name=\"twitter:label1\" content=\"Est. reading time\" \/>\n\t<meta name=\"twitter:data1\" content=\"3 minutes\" \/>\n<script type=\"application\/ld+json\" class=\"yoast-schema-graph\">{\"@context\":\"https:\/\/schema.org\",\"@graph\":[{\"@type\":\"WebPage\",\"@id\":\"https:\/\/smyline.com\/en\/terms-of-use\/\",\"url\":\"https:\/\/smyline.com\/en\/terms-of-use\/\",\"name\":\"Terms of use - Smyline\",\"isPartOf\":{\"@id\":\"https:\/\/smyline.com\/en\/#website\"},\"datePublished\":\"2023-10-04T12:36:29+00:00\",\"dateModified\":\"2024-02-27T09:11:20+00:00\",\"breadcrumb\":{\"@id\":\"https:\/\/smyline.com\/en\/terms-of-use\/#breadcrumb\"},\"inLanguage\":\"en-US\",\"potentialAction\":[{\"@type\":\"ReadAction\",\"target\":[\"https:\/\/smyline.com\/en\/terms-of-use\/\"]}]},{\"@type\":\"BreadcrumbList\",\"@id\":\"https:\/\/smyline.com\/en\/terms-of-use\/#breadcrumb\",\"itemListElement\":[{\"@type\":\"ListItem\",\"position\":1,\"name\":\"Accueil\",\"item\":\"https:\/\/smyline.com\/en\/home\/\"},{\"@type\":\"ListItem\",\"position\":2,\"name\":\"Terms of use\"}]},{\"@type\":\"WebSite\",\"@id\":\"https:\/\/smyline.com\/en\/#website\",\"url\":\"https:\/\/smyline.com\/en\/\",\"name\":\"Smyline\",\"description\":\"Le pouvoir du sourire pour tous\",\"potentialAction\":[{\"@type\":\"SearchAction\",\"target\":{\"@type\":\"EntryPoint\",\"urlTemplate\":\"https:\/\/smyline.com\/en\/?s={search_term_string}\"},\"query-input\":{\"@type\":\"PropertyValueSpecification\",\"valueRequired\":true,\"valueName\":\"search_term_string\"}}],\"inLanguage\":\"en-US\"}]}<\/script>\n<!-- \/ Yoast SEO plugin. -->","yoast_head_json":{"title":"Terms of use - Smyline","robots":{"index":"index","follow":"follow","max-snippet":"max-snippet:-1","max-image-preview":"max-image-preview:large","max-video-preview":"max-video-preview:-1"},"canonical":"https:\/\/smyline.com\/en\/terms-of-use\/","og_locale":"en_US","og_type":"article","og_title":"Terms of use - Smyline","og_description":"Terms of use Identity Website name: SmylineAdsress : 11 rue Andr\u00e9 Citro\u00ebn, 69740 GENAS, FRANCEOwner: N\u00e9somilePublication manager: SmylineDesign and production: Fabien SEOWeb Hosting : O2Switch Company NEOSMILE11 rue Andr\u00e9 Citro\u00ebn69740 GENAS FranceSimplified joint stock company Terms of use Use of this site implies full acceptance of the general conditions of use described below. These conditions [&hellip;]","og_url":"https:\/\/smyline.com\/en\/terms-of-use\/","og_site_name":"Smyline","article_modified_time":"2024-02-27T09:11:20+00:00","twitter_card":"summary_large_image","twitter_misc":{"Est. reading time":"3 minutes"},"schema":{"@context":"https:\/\/schema.org","@graph":[{"@type":"WebPage","@id":"https:\/\/smyline.com\/en\/terms-of-use\/","url":"https:\/\/smyline.com\/en\/terms-of-use\/","name":"Terms of use - Smyline","isPartOf":{"@id":"https:\/\/smyline.com\/en\/#website"},"datePublished":"2023-10-04T12:36:29+00:00","dateModified":"2024-02-27T09:11:20+00:00","breadcrumb":{"@id":"https:\/\/smyline.com\/en\/terms-of-use\/#breadcrumb"},"inLanguage":"en-US","potentialAction":[{"@type":"ReadAction","target":["https:\/\/smyline.com\/en\/terms-of-use\/"]}]},{"@type":"BreadcrumbList","@id":"https:\/\/smyline.com\/en\/terms-of-use\/#breadcrumb","itemListElement":[{"@type":"ListItem","position":1,"name":"Accueil","item":"https:\/\/smyline.com\/en\/home\/"},{"@type":"ListItem","position":2,"name":"Terms of use"}]},{"@type":"WebSite","@id":"https:\/\/smyline.com\/en\/#website","url":"https:\/\/smyline.com\/en\/","name":"Smyline","description":"Le pouvoir du sourire pour tous","potentialAction":[{"@type":"SearchAction","target":{"@type":"EntryPoint","urlTemplate":"https:\/\/smyline.com\/en\/?s={search_term_string}"},"query-input":{"@type":"PropertyValueSpecification","valueRequired":true,"valueName":"search_term_string"}}],"inLanguage":"en-US"}]}},"_links":{"self":[{"href":"https:\/\/smyline.com\/en\/wp-json\/wp\/v2\/pages\/987512399","targetHints":{"allow":["GET"]}}],"collection":[{"href":"https:\/\/smyline.com\/en\/wp-json\/wp\/v2\/pages"}],"about":[{"href":"https:\/\/smyline.com\/en\/wp-json\/wp\/v2\/types\/page"}],"author":[{"embeddable":true,"href":"https:\/\/smyline.com\/en\/wp-json\/wp\/v2\/users\/1"}],"replies":[{"embeddable":true,"href":"https:\/\/smyline.com\/en\/wp-json\/wp\/v2\/comments?post=987512399"}],"version-history":[{"count":2,"href":"https:\/\/smyline.com\/en\/wp-json\/wp\/v2\/pages\/987512399\/revisions"}],"predecessor-version":[{"id":987512401,"href":"https:\/\/smyline.com\/en\/wp-json\/wp\/v2\/pages\/987512399\/revisions\/987512401"}],"wp:attachment":[{"href":"https:\/\/smyline.com\/en\/wp-json\/wp\/v2\/media?parent=987512399"}],"curies":[{"name":"wp","href":"https:\/\/api.w.org\/{rel}","templated":true}]}}